{"id":54,"date":"2017-01-05T17:47:18","date_gmt":"2017-01-05T17:47:18","guid":{"rendered":"http:\/\/culturalizabh.com.br\/?page_id=54"},"modified":"2022-01-06T18:18:01","modified_gmt":"2022-01-06T21:18:01","slug":"sobre","status":"publish","type":"page","link":"https:\/\/culturalizabh.com.br\/index.php\/sobre\/","title":{"rendered":"Sobre"},"content":{"rendered":"<p><span style=\"color: #000000;\"><img loading=\"lazy\" decoding=\"async\" class=\"wp-image-756 size-full aligncenter\" src=\"https:\/\/culturalizabh.com.br\/wp-content\/uploads\/2017\/01\/SITE.png\" width=\"960\" height=\"106\" srcset=\"https:\/\/culturalizabh.com.br\/wp-content\/uploads\/2017\/01\/SITE.png 960w, https:\/\/culturalizabh.com.br\/wp-content\/uploads\/2017\/01\/SITE-300x33.png 300w, https:\/\/culturalizabh.com.br\/wp-content\/uploads\/2017\/01\/SITE-768x85.png 768w, https:\/\/culturalizabh.com.br\/wp-content\/uploads\/2017\/01\/SITE-400x44.png 400w\" sizes=\"auto, (max-width: 960px) 100vw, 960px\" \/><\/span><\/p>\n<p>&nbsp;<\/p>\n<p style=\"text-align: left;\"><span style=\"font-weight: 400; color: #000000;\">O <strong>Culturaliza BH<\/strong> \u00e9 um portal da capital mineira que tem como principal proposta ampliar a divulga\u00e7\u00e3o do meio cultural da cidade e de sua regi\u00e3o metropolitana, por meio de informa\u00e7\u00f5es publicadas diariamente, n\u00e3o s\u00f3 com uma agenda, mas sim como um blog que cont\u00e9m opini\u00f5es, resenhas, coberturas, cr\u00f4nicas e poemas desenvolvidos por meio de viv\u00eancias na cidade.<\/span><\/p>\n<p>&nbsp;<\/p>\n<p style=\"text-align: left;\"><span style=\"font-weight: 400; color: #000000;\">As principais a\u00e7\u00f5es que o site implementa, al\u00e9m das publica\u00e7\u00f5es como forma de divulga\u00e7\u00e3o, s\u00e3o as coberturas de eventos culturais da cidade e espa\u00e7o para produtores e artistas, com a realiza\u00e7\u00e3o de entrevistas e conte\u00fados de m\u00eddia (v\u00eddeos e fotografias). O site tamb\u00e9m tem a proposta de valorizar os espa\u00e7os da cidade, promovendo uma maior ocupa\u00e7\u00e3o da popula\u00e7\u00e3o em diversos locais de Belo Horizonte.<\/span><\/p>\n<p>&nbsp;<\/p>\n<p style=\"text-align: left;\"><span style=\"font-weight: 400; color: #000000;\"><strong>MISS\u00c3O:<\/strong> Incentivar e facilitar o acesso \u00e0 informa\u00e7\u00e3o cultural de Belo Horizonte e regi\u00e3o metropolitana.<\/span><\/p>\n<p>&nbsp;<\/p>\n<p style=\"text-align: left;\"><span style=\"font-weight: 400; color: #000000;\"><strong>VIS\u00c3O:<\/strong> Se tornar refer\u00eancia de informa\u00e7\u00e3o cultural para os moradores e visitantes de Belo Horizonte e regi\u00e3o metropolitana.<\/span><\/p>\n<p>&nbsp;<\/p>\n<p style=\"text-align: left;\"><span style=\"color: #000000;\"><strong>VALORES:<\/strong><\/span><\/p>\n<p style=\"text-align: left;\"><span style=\"color: #000000;\"><span style=\"font-weight: 400;\">1)<\/span> <span style=\"font-weight: 400;\">Promo\u00e7\u00e3o da cultura brasileira, com foco nos eventos de Belo Horizonte<\/span><\/span><\/p>\n<p style=\"text-align: left;\"><span style=\"color: #000000;\"><span style=\"font-weight: 400;\">2)<\/span> <span style=\"font-weight: 400;\">Acessibilidade<\/span><\/span><\/p>\n<p style=\"text-align: left;\"><span style=\"color: #000000;\"><span style=\"font-weight: 400;\">3)<\/span> <span style=\"font-weight: 400;\">Instantaneidade e multiplicidade de informa\u00e7\u00f5es. <\/span><\/span><\/p>\n<p>&nbsp;<\/p>\n","protected":false},"excerpt":{"rendered":"<p>&nbsp; O Culturaliza BH \u00e9 um portal da capital mineira que tem como principal proposta ampliar a divulga\u00e7\u00e3o do meio cultural da cidade e de sua regi\u00e3o metropolitana, por meio de informa\u00e7\u00f5es publicadas diariamente, n\u00e3o s\u00f3 com uma agenda, mas sim como um blog que cont\u00e9m opini\u00f5es, resenhas, coberturas, cr\u00f4nicas e poemas desenvolvidos por meio [&hellip;]<\/p>\n","protected":false},"author":33,"featured_media":0,"parent":0,"menu_order":0,"comment_status":"closed","ping_status":"closed","template":"","meta":{"jetpack_post_was_ever_published":false,"footnotes":""},"class_list":["post-54","page","type-page","status-publish","hentry"],"jetpack_sharing_enabled":true,"jetpack_shortlink":"https:\/\/wp.me\/P864jz-S","_links":{"self":[{"href":"https:\/\/culturalizabh.com.br\/index.php\/wp-json\/wp\/v2\/pages\/54","targetHints":{"allow":["GET"]}}],"collection":[{"href":"https:\/\/culturalizabh.com.br\/index.php\/wp-json\/wp\/v2\/pages"}],"about":[{"href":"https:\/\/culturalizabh.com.br\/index.php\/wp-json\/wp\/v2\/types\/page"}],"author":[{"embeddable":true,"href":"https:\/\/culturalizabh.com.br\/index.php\/wp-json\/wp\/v2\/users\/33"}],"replies":[{"embeddable":true,"href":"https:\/\/culturalizabh.com.br\/index.php\/wp-json\/wp\/v2\/comments?post=54"}],"version-history":[{"count":10,"href":"https:\/\/culturalizabh.com.br\/index.php\/wp-json\/wp\/v2\/pages\/54\/revisions"}],"predecessor-version":[{"id":38143,"href":"https:\/\/culturalizabh.com.br\/index.php\/wp-json\/wp\/v2\/pages\/54\/revisions\/38143"}],"wp:attachment":[{"href":"https:\/\/culturalizabh.com.br\/index.php\/wp-json\/wp\/v2\/media?parent=54"}],"curies":[{"name":"wp","href":"https:\/\/api.w.org\/{rel}","templated":true}]}}